{"id":5839,"date":"2020-07-31T10:09:18","date_gmt":"2020-07-31T08:09:18","guid":{"rendered":"https:\/\/easybalkans.marcoronco.me\/easybalkans\/?page_id=5839"},"modified":"2020-07-31T10:13:16","modified_gmt":"2020-07-31T08:13:16","slug":"contabilita-estera-e-la-gestione-della-tua-societa-allestero","status":"publish","type":"page","link":"https:\/\/easybalkans.marcoronco.me\/easybalkans\/contabilita-estera-e-la-gestione-della-tua-societa-allestero\/","title":{"rendered":"Contabilit\u00e0 estera e la gestione della Tua societ\u00e0 all&#8217;estero"},"content":{"rendered":"<p><strong>Contabilit\u00e0 estera in Slovenia \u2013 Croazia \u2013 Serbia &#8211; Romania<\/strong><\/p>\n<p><strong>EasyBalkans<\/strong> tramite le controllate professionali somministra nei paesi dove presiede Servizi di <strong>Contabilit\u00e0 estera,<\/strong> Servizi Fiscali\u00a0 e professionali, con <strong>Professionisti<\/strong> Locali e italiani autorizzati all\u2019 Estero e in Italia e iscritti agli Albi Competenti.<\/p>\n<p>L\u2019attivit\u00e0 professionale inizia prima della costituzione della societ\u00e0, attraverso la <strong>Consulenza estera<\/strong>\u00a0necessaria alla scelta della forma legale e del sistema fiscale migliore per l\u2019attivit\u00e0 da svolgere, nel gestire il core <strong>business dei Clienti.<\/strong><\/p>\n<p>Pianificandone, amministrazione \u2013 partecipazione \u2013 <a href=\"https:\/\/it.wikipedia.org\/wiki\/Processo_aziendale\" target=\"_blank\" rel=\"noopener noreferrer\"><strong>flusso di business<\/strong><\/a> per la stabile organizzazione estera, esterovestizione, residenza fiscale dei soci \u2013 dividenti.<\/p>\n<p>Per i Clienti che non hanno un volume di attivit\u00e0 che giustifichi una \u00a0divisione contabile interna alla loro societ\u00e0, offriamo servizi di contabilit\u00e0, tenuta contabilit\u00e0 del \u00a0personale \u2013 buste paghe \u2013 \u00a0consulenza relativa a tali servizi.<\/p>\n<p>Per i Clienti, che invece necessitano della pianificazione di una divisione contabile loro interna, partecipiamo all\u2019organizzazione del dipartimento finanziario \u2013 contabile \u2013 fiscale, del <strong>dipartimento personale<\/strong> (human- resource).<\/p>\n<p>Assistiamo e\/o verifichiamo la contabilit\u00e0 a ritmo <strong>scadenzato del Cliente<\/strong>, sino a quando le divisioni sono autonome e interveniamo sui bilanci e su <strong>richieste specifiche.<\/strong><\/p>\n<p><img loading=\"lazy\" decoding=\"async\" class=\"lazyload wp-image-5843 aligncenter\" src=\"https:\/\/easybalkans.marcoronco.me\/easybalkans\/wp-content\/uploads\/2020\/07\/CRUSCOTTO-AZIENDALE.jpg\" data-orig-src=\"https:\/\/easybalkans.marcoronco.me\/easybalkans\/wp-content\/uploads\/2020\/07\/CRUSCOTTO-AZIENDALE.jpg\" alt=\"gestione societ\u00e0\" width=\"321\" height=\"172\" srcset=\"data:image\/svg+xml,%3Csvg%20xmlns%3D%27http%3A%2F%2Fwww.w3.org%2F2000%2Fsvg%27%20width%3D%27321%27%20height%3D%27172%27%20viewBox%3D%270%200%20321%20172%27%3E%3Crect%20width%3D%27321%27%20height%3D%273172%27%20fill-opacity%3D%220%22%2F%3E%3C%2Fsvg%3E\" data-srcset=\"https:\/\/easybalkans.marcoronco.me\/easybalkans\/wp-content\/uploads\/2020\/07\/CRUSCOTTO-AZIENDALE-200x107.jpg 200w, https:\/\/easybalkans.marcoronco.me\/easybalkans\/wp-content\/uploads\/2020\/07\/CRUSCOTTO-AZIENDALE-300x161.jpg 300w, https:\/\/easybalkans.marcoronco.me\/easybalkans\/wp-content\/uploads\/2020\/07\/CRUSCOTTO-AZIENDALE.jpg 358w\" data-sizes=\"auto\" data-orig-sizes=\"auto, (max-width: 321px) 100vw, 321px\" \/><\/p>\n<p><a href=\"#costituzionesocieta\"><strong><u>Costituzione societ\u00e0 <\/u><\/strong><strong><u>&#8211; modifiche agli atti costitutivi<\/u><\/strong><\/a><\/p>\n<p><a href=\"#contabilita\"><strong><u>Contabilit\u00e0<\/u><\/strong><\/a><\/p>\n<p><a href=\"#payroll\"><strong><u>Gestione risorse umane <\/u><\/strong><strong><u>&#8211; servizi <\/u><\/strong><strong><u>Payroll<\/u><\/strong><\/a><\/p>\n<p><a href=\"#serviziprofessionali\"><strong><u>Servizi professionali<\/u><\/strong><\/a><\/p>\n<p><strong><u><a id=\"costituzionesocieta\"><\/a><a href=\"#consulenzafiscale\">Consulenza fiscale<\/a><\/u><\/strong><\/p>\n<p>&nbsp;<\/p>\n<p><strong>\u00a0<\/strong><strong>Costituzione societ\u00e0 <\/strong><strong>&#8211;<\/strong><strong> modifiche agli <\/strong><strong>A<\/strong><strong>tti <\/strong><strong>C<\/strong><strong>ostitutivi<\/strong><\/p>\n<ul>\n<li>Costituzione di societ\u00e0 commerciali (S.r.L.- D.o.o., S.A \u2013 D.D &#8211; A.D. ecc.), associazioni o fondazioni, persone fisiche autorizzate (PFA Rumene \u2013 SP Slovene) la loro registrazione fiscale, ai fini d\u2019IVA, registrazione nel registro degli operatori intracomunitari;<\/li>\n<li>Amministrazione di societ\u00e0 commerciali;<\/li>\n<li>Modifica degli atti costitutivi delle societ\u00e0:<\/li>\n<\/ul>\n<p>&#8211; spostamento sede legale,<\/p>\n<p>&#8211; apertura sedi secondarie e altre unit\u00e0 senza personalit\u00e0 giuridica,<\/p>\n<p>&#8211; cambiamento della forma legale della societ\u00e0,<\/p>\n<p>&#8211; cambiamento dell\u2019oggetto sociale,<\/p>\n<p>&#8211; aumento o diminuzione del capitale sociale;<\/p>\n<p>&#8211; apertura posizione fiscale ai fini iva, logistici import export tra i vari Paesi<\/p>\n<ul>\n<li>Cessioni di<strong> quote o azioni<\/strong>;<\/li>\n<li>Fusioni e divisioni (Spin &#8211; Off);<\/li>\n<li>Scioglimenti e liquidazioni;<\/li>\n<li>Vendita di Societa&#8217; operative (cessione quote);<\/li>\n<li>Licenze per attivit\u00e0;<\/li>\n<li>Autorizzazioni per attivit\u00e0.<\/li>\n<\/ul>\n<p><strong>Altri servizi<\/strong><\/p>\n<ul>\n<li>Intermediazione servizi di traduzione;<\/li>\n<li>Servizi di segreteria;<\/li>\n<li>Gestione di pagamenti nel sistema Internet Banking e fatturazione;<\/li>\n<li><a id=\"contabilita\"><\/a>Fatturazione per conto del Cliente.<\/li>\n<\/ul>\n<p><strong>Contabilit\u00e0<\/strong><\/p>\n<ul>\n<li>Gestione della contabilit\u00e0, redazione del bilancio contabilesemestrale &#8211; annuale;<\/li>\n<li>Assistenza e\/o verifica del modo in cui si tiene la contabilit\u00e0 dal proprio dipartimento di contabilit\u00e0 del cliente;<\/li>\n<li>Organizzazione del dipartimento contabilit\u00e0;<\/li>\n<li>Assistenza contabile;<\/li>\n<li>Assistenza relativa al quadro di legislativo di ogni Paese in campo contabile e fiscale;<\/li>\n<li><a id=\"payroll\"><\/a>Perizie contabili extragiudiziarie, due diligence.<\/li>\n<\/ul>\n<p>&nbsp;<\/p>\n<p><strong>Gestione risorse umane <\/strong><strong>&#8211; servizi<\/strong> <strong>Payroll<\/strong><\/p>\n<ul>\n<li>Assistenza per l\u2019adempimento delle formalit\u00e0 per l\u2019assunzione del personale, per la registrazione dei contratti di lavoro, degli atti addizionali, degli scioglimenti dei contratti;<\/li>\n<li>Elaborazione delle buste paga;<\/li>\n<li>Organizzazione del dipartimento contabilit\u00e0;<\/li>\n<li>Assistenza per l\u2019elaborazione del regolamento interno;<\/li>\n<li><a id=\"serviziprofessionali\"><\/a>Assistenza per la redazione del contratto collettivo di lavoro a livello societario e la sua registrazione presso gli enti competenti.<\/li>\n<\/ul>\n<p>&nbsp;<\/p>\n<p><strong>S<\/strong><strong>ervizi <\/strong><strong>P<\/strong><strong>rofessionali<\/strong><\/p>\n<ul>\n<li>Audit;<\/li>\n<li>Attivit\u00e0 dei sindaci;<\/li>\n<li>Assistenza in caso di controlli fiscali;<\/li>\n<li>Liquidazioni di societ\u00e0 con la procedura dell\u2019insolvenza;<\/li>\n<li><a id=\"consulenzafiscale\"><\/a>Riorganizzazione giudiziaria o concordato preventivo.<\/li>\n<\/ul>\n<p>&nbsp;<\/p>\n<p><strong>Consulenza fiscale<\/strong><\/p>\n<ul>\n<li>Assistenza per questioni fiscali, consulenza in campo fiscale;<\/li>\n<li>Assistenza specializzata per il calcolo delle tasse e delle imposte e per redigere le dichiarazioni fiscali;<\/li>\n<li>Certificazione delle dichiarazioni fiscali;<\/li>\n<li>Redazione di contestazioni contro le decisioni d\u2019imposizione rilasciate dagli organi fiscali e contro le relazioni di controllo fiscale;<\/li>\n<li>Rappresentanza davanti agli organi fiscali;<\/li>\n<li>Rappresentanza davanti alle autorit\u00e0 giudiziarie, in qualit\u00e0 di perito.<\/li>\n<\/ul>\n<p style=\"text-align: center;\"><strong><a href=\"https:\/\/easybalkans.marcoronco.me\/easybalkans\/contatti\/\">CONTATTACI PER RICEVERE UNA CONSULENZA<\/a><\/strong><\/p>\n<p>&nbsp;<\/p>\n<p>&nbsp;<\/p>\n","protected":false},"excerpt":{"rendered":"<p>Contabilit\u00e0 estera in Slovenia \u2013 Croazia \u2013 Serbia &#8211; Romania EasyBalkans tramite le controllate professionali somministra nei paesi dove presiede Servizi di Contabilit\u00e0 estera, Servizi Fiscali\u00a0 e professionali, con Professionisti [&hellip;]<\/p>\n","protected":false},"author":18,"featured_media":5846,"parent":0,"menu_order":0,"comment_status":"closed","ping_status":"closed","template":"","meta":{"footnotes":""},"class_list":["post-5839","page","type-page","status-publish","has-post-thumbnail","hentry"],"yoast_head":"<!-- This site is optimized with the Yoast SEO plugin v23.4 - https:\/\/yoast.com\/wordpress\/plugins\/seo\/ -->\n<title>Devi gestire la Tua contabilit\u00e0 estera? EasyBalkans al Tuo servizio<\/title>\n<meta name=\"description\" content=\"La gestione della contabilit\u00e0 e la pianificazione \u00e8 un fattore fondamentale per la Tua societ\u00e0 all&#039;estero - Affidati agli esperti del settore.\" \/>\n<meta name=\"robots\" content=\"noindex, follow, max-snippet:-1, max-image-preview:large, max-video-preview:-1\" \/>\n<meta name=\"twitter:card\" content=\"summary_large_image\" \/>\n<meta name=\"twitter:title\" content=\"Devi gestire la Tua contabilit\u00e0 estera? EasyBalkans al Tuo servizio\" \/>\n<meta name=\"twitter:description\" content=\"La gestione della contabilit\u00e0 e la pianificazione \u00e8 un fattore fondamentale per la Tua societ\u00e0 all&#039;estero - Affidati agli esperti del settore.\" \/>\n<meta name=\"twitter:image\" content=\"https:\/\/easybalkans.marcoronco.me\/easybalkans\/wp-content\/uploads\/2020\/07\/contabilit\u00e0-2.jpg\" \/>\n<meta name=\"twitter:label1\" content=\"Tempo di lettura stimato\" \/>\n\t<meta name=\"twitter:data1\" content=\"3 minuti\" \/>\n<script type=\"application\/ld+json\" class=\"yoast-schema-graph\">{\"@context\":\"https:\/\/schema.org\",\"@graph\":[{\"@type\":\"WebPage\",\"@id\":\"https:\/\/easybalkans.marcoronco.me\/easybalkans\/contabilita-estera-e-la-gestione-della-tua-societa-allestero\/\",\"url\":\"https:\/\/easybalkans.marcoronco.me\/easybalkans\/contabilita-estera-e-la-gestione-della-tua-societa-allestero\/\",\"name\":\"Devi gestire la Tua contabilit\u00e0 estera? EasyBalkans al Tuo servizio\",\"isPartOf\":{\"@id\":\"https:\/\/easybalkans.marcoronco.me\/easybalkans\/#website\"},\"primaryImageOfPage\":{\"@id\":\"https:\/\/easybalkans.marcoronco.me\/easybalkans\/contabilita-estera-e-la-gestione-della-tua-societa-allestero\/#primaryimage\"},\"image\":{\"@id\":\"https:\/\/easybalkans.marcoronco.me\/easybalkans\/contabilita-estera-e-la-gestione-della-tua-societa-allestero\/#primaryimage\"},\"thumbnailUrl\":\"https:\/\/easybalkans.marcoronco.me\/easybalkans\/wp-content\/uploads\/2020\/07\/contabilit\u00e0-2.jpg\",\"datePublished\":\"2020-07-31T08:09:18+00:00\",\"dateModified\":\"2020-07-31T08:13:16+00:00\",\"description\":\"La gestione della contabilit\u00e0 e la pianificazione \u00e8 un fattore fondamentale per la Tua societ\u00e0 all'estero - Affidati agli esperti del settore.\",\"breadcrumb\":{\"@id\":\"https:\/\/easybalkans.marcoronco.me\/easybalkans\/contabilita-estera-e-la-gestione-della-tua-societa-allestero\/#breadcrumb\"},\"inLanguage\":\"it-IT\",\"potentialAction\":[{\"@type\":\"ReadAction\",\"target\":[\"https:\/\/easybalkans.marcoronco.me\/easybalkans\/contabilita-estera-e-la-gestione-della-tua-societa-allestero\/\"]}]},{\"@type\":\"ImageObject\",\"inLanguage\":\"it-IT\",\"@id\":\"https:\/\/easybalkans.marcoronco.me\/easybalkans\/contabilita-estera-e-la-gestione-della-tua-societa-allestero\/#primaryimage\",\"url\":\"https:\/\/easybalkans.marcoronco.me\/easybalkans\/wp-content\/uploads\/2020\/07\/contabilit\u00e0-2.jpg\",\"contentUrl\":\"https:\/\/easybalkans.marcoronco.me\/easybalkans\/wp-content\/uploads\/2020\/07\/contabilit\u00e0-2.jpg\",\"width\":1000,\"height\":667,\"caption\":\"contabilit\u00e0 in romania\"},{\"@type\":\"BreadcrumbList\",\"@id\":\"https:\/\/easybalkans.marcoronco.me\/easybalkans\/contabilita-estera-e-la-gestione-della-tua-societa-allestero\/#breadcrumb\",\"itemListElement\":[{\"@type\":\"ListItem\",\"position\":1,\"name\":\"Home\",\"item\":\"https:\/\/easybalkans.marcoronco.me\/easybalkans\/\"},{\"@type\":\"ListItem\",\"position\":2,\"name\":\"Contabilit\u00e0 estera e la gestione della Tua societ\u00e0 all&#8217;estero\"}]},{\"@type\":\"WebSite\",\"@id\":\"https:\/\/easybalkans.marcoronco.me\/easybalkans\/#website\",\"url\":\"https:\/\/easybalkans.marcoronco.me\/easybalkans\/\",\"name\":\"Easy Balkans | Consulenza in Internazionalizzazione e Delocalizzazione nei Balcani\",\"description\":\"Consulenza in Internazionalizzazione e Delocalizzazione nei Balcani\",\"potentialAction\":[{\"@type\":\"SearchAction\",\"target\":{\"@type\":\"EntryPoint\",\"urlTemplate\":\"https:\/\/easybalkans.marcoronco.me\/easybalkans\/?s={search_term_string}\"},\"query-input\":{\"@type\":\"PropertyValueSpecification\",\"valueRequired\":true,\"valueName\":\"search_term_string\"}}],\"inLanguage\":\"it-IT\"}]}<\/script>\n<!-- \/ Yoast SEO plugin. -->","yoast_head_json":{"title":"Devi gestire la Tua contabilit\u00e0 estera? EasyBalkans al Tuo servizio","description":"La gestione della contabilit\u00e0 e la pianificazione \u00e8 un fattore fondamentale per la Tua societ\u00e0 all'estero - Affidati agli esperti del settore.","robots":{"index":"noindex","follow":"follow","max-snippet":"max-snippet:-1","max-image-preview":"max-image-preview:large","max-video-preview":"max-video-preview:-1"},"twitter_card":"summary_large_image","twitter_title":"Devi gestire la Tua contabilit\u00e0 estera? EasyBalkans al Tuo servizio","twitter_description":"La gestione della contabilit\u00e0 e la pianificazione \u00e8 un fattore fondamentale per la Tua societ\u00e0 all'estero - Affidati agli esperti del settore.","twitter_image":"https:\/\/easybalkans.marcoronco.me\/easybalkans\/wp-content\/uploads\/2020\/07\/contabilit\u00e0-2.jpg","twitter_misc":{"Tempo di lettura stimato":"3 minuti"},"schema":{"@context":"https:\/\/schema.org","@graph":[{"@type":"WebPage","@id":"https:\/\/easybalkans.marcoronco.me\/easybalkans\/contabilita-estera-e-la-gestione-della-tua-societa-allestero\/","url":"https:\/\/easybalkans.marcoronco.me\/easybalkans\/contabilita-estera-e-la-gestione-della-tua-societa-allestero\/","name":"Devi gestire la Tua contabilit\u00e0 estera? EasyBalkans al Tuo servizio","isPartOf":{"@id":"https:\/\/easybalkans.marcoronco.me\/easybalkans\/#website"},"primaryImageOfPage":{"@id":"https:\/\/easybalkans.marcoronco.me\/easybalkans\/contabilita-estera-e-la-gestione-della-tua-societa-allestero\/#primaryimage"},"image":{"@id":"https:\/\/easybalkans.marcoronco.me\/easybalkans\/contabilita-estera-e-la-gestione-della-tua-societa-allestero\/#primaryimage"},"thumbnailUrl":"https:\/\/easybalkans.marcoronco.me\/easybalkans\/wp-content\/uploads\/2020\/07\/contabilit\u00e0-2.jpg","datePublished":"2020-07-31T08:09:18+00:00","dateModified":"2020-07-31T08:13:16+00:00","description":"La gestione della contabilit\u00e0 e la pianificazione \u00e8 un fattore fondamentale per la Tua societ\u00e0 all'estero - Affidati agli esperti del settore.","breadcrumb":{"@id":"https:\/\/easybalkans.marcoronco.me\/easybalkans\/contabilita-estera-e-la-gestione-della-tua-societa-allestero\/#breadcrumb"},"inLanguage":"it-IT","potentialAction":[{"@type":"ReadAction","target":["https:\/\/easybalkans.marcoronco.me\/easybalkans\/contabilita-estera-e-la-gestione-della-tua-societa-allestero\/"]}]},{"@type":"ImageObject","inLanguage":"it-IT","@id":"https:\/\/easybalkans.marcoronco.me\/easybalkans\/contabilita-estera-e-la-gestione-della-tua-societa-allestero\/#primaryimage","url":"https:\/\/easybalkans.marcoronco.me\/easybalkans\/wp-content\/uploads\/2020\/07\/contabilit\u00e0-2.jpg","contentUrl":"https:\/\/easybalkans.marcoronco.me\/easybalkans\/wp-content\/uploads\/2020\/07\/contabilit\u00e0-2.jpg","width":1000,"height":667,"caption":"contabilit\u00e0 in romania"},{"@type":"BreadcrumbList","@id":"https:\/\/easybalkans.marcoronco.me\/easybalkans\/contabilita-estera-e-la-gestione-della-tua-societa-allestero\/#breadcrumb","itemListElement":[{"@type":"ListItem","position":1,"name":"Home","item":"https:\/\/easybalkans.marcoronco.me\/easybalkans\/"},{"@type":"ListItem","position":2,"name":"Contabilit\u00e0 estera e la gestione della Tua societ\u00e0 all&#8217;estero"}]},{"@type":"WebSite","@id":"https:\/\/easybalkans.marcoronco.me\/easybalkans\/#website","url":"https:\/\/easybalkans.marcoronco.me\/easybalkans\/","name":"Easy Balkans | Consulenza in Internazionalizzazione e Delocalizzazione nei Balcani","description":"Consulenza in Internazionalizzazione e Delocalizzazione nei Balcani","potentialAction":[{"@type":"SearchAction","target":{"@type":"EntryPoint","urlTemplate":"https:\/\/easybalkans.marcoronco.me\/easybalkans\/?s={search_term_string}"},"query-input":{"@type":"PropertyValueSpecification","valueRequired":true,"valueName":"search_term_string"}}],"inLanguage":"it-IT"}]}},"_links":{"self":[{"href":"https:\/\/easybalkans.marcoronco.me\/easybalkans\/wp-json\/wp\/v2\/pages\/5839","targetHints":{"allow":["GET"]}}],"collection":[{"href":"https:\/\/easybalkans.marcoronco.me\/easybalkans\/wp-json\/wp\/v2\/pages"}],"about":[{"href":"https:\/\/easybalkans.marcoronco.me\/easybalkans\/wp-json\/wp\/v2\/types\/page"}],"author":[{"embeddable":true,"href":"https:\/\/easybalkans.marcoronco.me\/easybalkans\/wp-json\/wp\/v2\/users\/18"}],"replies":[{"embeddable":true,"href":"https:\/\/easybalkans.marcoronco.me\/easybalkans\/wp-json\/wp\/v2\/comments?post=5839"}],"version-history":[{"count":6,"href":"https:\/\/easybalkans.marcoronco.me\/easybalkans\/wp-json\/wp\/v2\/pages\/5839\/revisions"}],"predecessor-version":[{"id":5847,"href":"https:\/\/easybalkans.marcoronco.me\/easybalkans\/wp-json\/wp\/v2\/pages\/5839\/revisions\/5847"}],"wp:featuredmedia":[{"embeddable":true,"href":"https:\/\/easybalkans.marcoronco.me\/easybalkans\/wp-json\/wp\/v2\/media\/5846"}],"wp:attachment":[{"href":"https:\/\/easybalkans.marcoronco.me\/easybalkans\/wp-json\/wp\/v2\/media?parent=5839"}],"curies":[{"name":"wp","href":"https:\/\/api.w.org\/{rel}","templated":true}]}}